{"id":4760,"date":"2025-01-22T09:45:28","date_gmt":"2025-01-22T08:45:28","guid":{"rendered":"https:\/\/clandestritons.fr\/?page_id=4760"},"modified":"2025-01-29T09:49:19","modified_gmt":"2025-01-29T08:49:19","slug":"archives-et-documents","status":"publish","type":"page","link":"https:\/\/clandestritons.fr\/?page_id=4760","title":{"rendered":"Archives et documents"},"content":{"rendered":"\n<div style=\"height:150px\" aria-hidden=\"true\" class=\"wp-block-spacer\"><\/div>\n\n\n\n<p class=\"has-text-align-center has-ast-global-color-0-color has-text-color has-link-color has-large-font-size wp-elements-28467091960981fd62f66b0bdae852f7\"><strong><span>\u00ab\u00a0Si tu fais l&rsquo;explo : tu fais la topo !\u00a0\u00bb<\/span><\/strong><\/p>\n\n\n\n<p class=\"has-text-align-center has-large-font-size\">Archives et documents<\/p>\n\n\n\n<p class=\"has-text-align-center\">Depuis le 1er mai 1982, les comptes rendus des sorties sp\u00e9l\u00e9os du Clan des Tritons sont relat\u00e9s dans des cahiers format \u00e9colier, sans interruption. A l\u2019\u00e9poque nous avions des r\u00e9unions hebdomadaires et les comptes rendus \u00e9taient r\u00e9dig\u00e9s \u00e0 cette occasion, dans des termes assez succincts. \u00c9tions-nous moins litt\u00e9raires \u00e0 l\u2019\u00e9poque ! C\u2019est ainsi qu\u2019il existe 6 cahiers \u00e0 la calligraphie peu vari\u00e9e, sachant que j\u2019en \u00e9tais le principal r\u00e9dacteur !<\/p>\n\n\n    <div>\n        <div style=\"margin-bottom: 10px; text-align: center;\">\n            \n            <div style=\"display: flex; align-items: center; justify-content: center; gap: 10px;\">\n                <h3 style=\"margin: 0;\">Tri :<\/h3>\n                <button class=\"sort-button\" data-sort=\"caption\" data-order=\"ASC\" style=\"padding: 6px 10px; font-size: 20px; margin-top: 4px;\">Titre<\/button>\n                <button class=\"sort-button\" data-sort=\"description\" data-order=\"ASC\" style=\"padding: 6px 10px; font-size: 20px; margin-top: 4px;\">Auteur<\/button>\n                <button class=\"sort-button\" data-sort=\"date\" data-order=\"ASC\" style=\"padding: 6px 10px; font-size: 20px; margin-top: 4px; \">Date<\/button>\n                <h3 style=\"margin: 0;\">Colonnes :<\/h3>\n                <button id=\"toggle-size-button\" style=\"padding: 6px 10px; font-size: 20px; margin-top: 4px;\">Taille<\/button>\n\t\t\t\t<h3 style=\"margin: 0;\">Fichiers : 12<\/h3>\n            <\/div>\n        <\/div>\n        <div id=\"mla-gallery-container\" style=\"margin-left: 40px; margin-right: 40px;\">\n            \n\t\t\t<style type='text\/css'>\r\n\t#mla_gallery-1 {\r\n\t\tmargin: auto;\r\n\t\twidth: 100%;\r\n\t}\r\n\t#mla_gallery-1 .gallery-item {\r\n\t\tfloat: none;\r\n\t\tmargin: 1.5%;\r\n\t\tdisplay: inline-block;\r\n\t\ttext-align: center;\r\n\t\twidth: 22%;\r\n\t}\r\n\t#mla_gallery-1 .gallery-item .gallery-icon img {\r\n\t\tborder: 2px solid #cfcfcf;\r\n\t}\r\n\t#mla_gallery-1 .gallery-caption {\r\n\t\tmargin-left: 0;\r\n\t\tvertical-align: top;\r\n\t}\r\n<\/style>\r\n<div id='mla_gallery-1' class='gallery galleryid-4760 gallery-columns-4 gallery-size-large'>\r\n<figure class='gallery-item '>\r\n\t<div class='gallery-icon '>\r\n\t\t<a download href='https:\/\/clandestritons.fr\/wp-content\/uploads\/publications\/Le_chateau_de_la_Garde.pdf'><img decoding=\"async\" aria-describedby=\"mla_gallery-1-4084\" width=\"724\" height=\"1024\" src=\"https:\/\/clandestritons.fr\/wp-content\/uploads\/publications\/Le_chateau_de_la_Garde-pdf-1-724x1024.jpg\" class=\"attachment-large size-large\" alt=\"\" \/><\/a>\r\n\t<\/div>\r\n\t<figcaption class='wp-caption-text gallery-caption' id='mla_gallery-1-4084'>\n\t    <ul style=\"list-style-type: none;padding: 0;margin: 0\">     <li class=\"has-ast-global-color-0-color has-text-color has-link-color\">Le ch\u00e2teau de la Garde \u00e0 Saint Thomas, r\u00e9sidence d&rsquo;EA Martel<\/li>     <small>      <li class=\"has-ast-global-color-2-color has-text-color has-link-color\">Jean-Philippe Grandcolas<\/li>      <li class=\"has-black-color has-text-color has-link-color\">Dec, 2024<\/li>      <li class=\"has-black-color has-text-color has-link-color\">3.767 MB<\/li>     <\/small>    <\/ul>\n\t<\/figcaption><\/figure><figure class='gallery-item '>\r\n\t<div class='gallery-icon '>\r\n\t\t<a download href='https:\/\/clandestritons.fr\/wp-content\/uploads\/publications\/cahiers_tritons\/Archives_et_docs_04_Massifs_divers_Balme_les_grottes_Verna.pdf'><img decoding=\"async\" aria-describedby=\"mla_gallery-1-4141\" width=\"724\" height=\"1024\" src=\"https:\/\/clandestritons.fr\/wp-content\/uploads\/publications\/cahiers_tritons\/Archives_et_docs_04_Massifs_divers_Balme_les_grottes_Verna-pdf-1-724x1024.jpg\" class=\"attachment-large size-large\" alt=\"\" \/><\/a>\r\n\t<\/div>\r\n\t<figcaption class='wp-caption-text gallery-caption' id='mla_gallery-1-4141'>\n\t    <ul style=\"list-style-type: none;padding: 0;margin: 0\">     <li class=\"has-ast-global-color-0-color has-text-color has-link-color\">Archives et documents Sp\u00e9l\u00e9o n\u00b004 :  Grotte de la Balme et grottes de la Verna<\/li>     <small>      <li class=\"has-ast-global-color-2-color has-text-color has-link-color\">Jean-Philippe Grandcolas<\/li>      <li class=\"has-black-color has-text-color has-link-color\">Jan, 2023<\/li>      <li class=\"has-black-color has-text-color has-link-color\">17.583 MB<\/li>     <\/small>    <\/ul>\n\t<\/figcaption><\/figure><figure class='gallery-item '>\r\n\t<div class='gallery-icon '>\r\n\t\t<a download href='https:\/\/clandestritons.fr\/wp-content\/uploads\/publications\/cahiers_tritons\/Archives_et_docs_03_Massifs_Divers.pdf'><img decoding=\"async\" aria-describedby=\"mla_gallery-1-4140\" width=\"724\" height=\"1024\" src=\"https:\/\/clandestritons.fr\/wp-content\/uploads\/publications\/cahiers_tritons\/Archives_et_docs_03_Massifs_Divers-pdf-1-724x1024.jpg\" class=\"attachment-large size-large\" alt=\"\" \/><\/a>\r\n\t<\/div>\r\n\t<figcaption class='wp-caption-text gallery-caption' id='mla_gallery-1-4140'>\n\t    <ul style=\"list-style-type: none;padding: 0;margin: 0\">     <li class=\"has-ast-global-color-0-color has-text-color has-link-color\">Archives et documents Sp\u00e9l\u00e9o n\u00b003 : sur divers massifs<\/li>     <small>      <li class=\"has-ast-global-color-2-color has-text-color has-link-color\">Jean-Philippe Grandcolas<\/li>      <li class=\"has-black-color has-text-color has-link-color\">Feb, 2022<\/li>      <li class=\"has-black-color has-text-color has-link-color\">17.530 MB<\/li>     <\/small>    <\/ul>\n\t<\/figcaption><\/figure><figure class='gallery-item last_in_row'>\r\n\t<div class='gallery-icon '>\r\n\t\t<a download href='https:\/\/clandestritons.fr\/wp-content\/uploads\/publications\/cahiers_tritons\/Archives_et_docs_02_PSM_1952_1953.pdf'><img decoding=\"async\" aria-describedby=\"mla_gallery-1-4139\" width=\"724\" height=\"1024\" src=\"https:\/\/clandestritons.fr\/wp-content\/uploads\/publications\/cahiers_tritons\/Archives_et_docs_02_PSM_1952_1953-pdf-1-724x1024.jpg\" class=\"attachment-large size-large\" alt=\"\" \/><\/a>\r\n\t<\/div>\r\n\t<figcaption class='wp-caption-text gallery-caption' id='mla_gallery-1-4139'>\n\t    <ul style=\"list-style-type: none;padding: 0;margin: 0\">     <li class=\"has-ast-global-color-0-color has-text-color has-link-color\">Collection Archives et Documents Sp\u00e9l\u00e9o n\u00b002 :  Pierre Saint Martin<\/li>     <small>      <li class=\"has-ast-global-color-2-color has-text-color has-link-color\">Jean-Philippe Grandcolas<\/li>      <li class=\"has-black-color has-text-color has-link-color\">Dec, 2020<\/li>      <li class=\"has-black-color has-text-color has-link-color\">14.277 MB<\/li>     <\/small>    <\/ul>\n\t<\/figcaption><\/figure><figure class='gallery-item '>\r\n\t<div class='gallery-icon '>\r\n\t\t<a download href='https:\/\/clandestritons.fr\/wp-content\/uploads\/publications\/cahiers_tritons\/Archives_et_docs_01_Ardeche_Gard.pdf'><img decoding=\"async\" aria-describedby=\"mla_gallery-1-4138\" width=\"724\" height=\"1024\" src=\"https:\/\/clandestritons.fr\/wp-content\/uploads\/publications\/cahiers_tritons\/Archives_et_docs_01_Ardeche_Gard-pdf-1-724x1024.jpg\" class=\"attachment-large size-large\" alt=\"\" \/><\/a>\r\n\t<\/div>\r\n\t<figcaption class='wp-caption-text gallery-caption' id='mla_gallery-1-4138'>\n\t    <ul style=\"list-style-type: none;padding: 0;margin: 0\">     <li class=\"has-ast-global-color-0-color has-text-color has-link-color\">Collection Archives et Documents Sp\u00e9l\u00e9o n\u00b001 : Ard\u00e8che et Gard<\/li>     <small>      <li class=\"has-ast-global-color-2-color has-text-color has-link-color\">Jean-Philippe Grandcolas<\/li>      <li class=\"has-black-color has-text-color has-link-color\">Nov, 2020<\/li>      <li class=\"has-black-color has-text-color has-link-color\">5.826 MB<\/li>     <\/small>    <\/ul>\n\t<\/figcaption><\/figure><figure class='gallery-item '>\r\n\t<div class='gallery-icon '>\r\n\t\t<a download href='https:\/\/clandestritons.fr\/wp-content\/uploads\/publications\/gazettes\/GazetteTritons_Speciale_Philatelie_2020.pdf'><img decoding=\"async\" aria-describedby=\"mla_gallery-1-4264\" width=\"724\" height=\"1024\" src=\"https:\/\/clandestritons.fr\/wp-content\/uploads\/publications\/gazettes\/GazetteTritons_Speciale_Philatelie_2020-pdf-1-724x1024.jpg\" class=\"attachment-large size-large\" alt=\"\" \/><\/a>\r\n\t<\/div>\r\n\t<figcaption class='wp-caption-text gallery-caption' id='mla_gallery-1-4264'>\n\t    <ul style=\"list-style-type: none;padding: 0;margin: 0\">     <li class=\"has-ast-global-color-0-color has-text-color has-link-color\">La gazette des Tritons num\u00e9ro sp\u00e9cial Philat\u00e9lie<\/li>     <small>      <li class=\"has-ast-global-color-2-color has-text-color has-link-color\">Jean-Philippe Grandcolas<\/li>      <li class=\"has-black-color has-text-color has-link-color\">Nov, 2020<\/li>      <li class=\"has-black-color has-text-color has-link-color\">3.049 MB<\/li>     <\/small>    <\/ul>\n\t<\/figcaption><\/figure><figure class='gallery-item '>\r\n\t<div class='gallery-icon '>\r\n\t\t<a download href='https:\/\/clandestritons.fr\/wp-content\/uploads\/publications\/cahiers_tritons\/cahier_clan_des_tritons_02_1983.pdf'><img decoding=\"async\" aria-describedby=\"mla_gallery-1-4143\" width=\"724\" height=\"1024\" src=\"https:\/\/clandestritons.fr\/wp-content\/uploads\/publications\/cahiers_tritons\/cahier_clan_des_tritons_02_1983-pdf-1-724x1024.jpg\" class=\"attachment-large size-large\" alt=\"\" \/><\/a>\r\n\t<\/div>\r\n\t<figcaption class='wp-caption-text gallery-caption' id='mla_gallery-1-4143'>\n\t    <ul style=\"list-style-type: none;padding: 0;margin: 0\">     <li class=\"has-ast-global-color-0-color has-text-color has-link-color\">Compte-rendus 1983<\/li>     <small>      <li class=\"has-ast-global-color-2-color has-text-color has-link-color\">Jean-Philippe Grandcolas<\/li>      <li class=\"has-black-color has-text-color has-link-color\">Nov, 2019<\/li>      <li class=\"has-black-color has-text-color has-link-color\">9.423 MB<\/li>     <\/small>    <\/ul>\n\t<\/figcaption><\/figure><figure class='gallery-item last_in_row'>\r\n\t<div class='gallery-icon '>\r\n\t\t<a download href='https:\/\/clandestritons.fr\/wp-content\/uploads\/publications\/cahiers_tritons\/cahier_clan_des_tritons_hs_1970_1981.pdf'><img decoding=\"async\" aria-describedby=\"mla_gallery-1-4144\" width=\"724\" height=\"1024\" src=\"https:\/\/clandestritons.fr\/wp-content\/uploads\/publications\/cahiers_tritons\/cahier_clan_des_tritons_hs_1970_1981-pdf-1-724x1024.jpg\" class=\"attachment-large size-large\" alt=\"\" \/><\/a>\r\n\t<\/div>\r\n\t<figcaption class='wp-caption-text gallery-caption' id='mla_gallery-1-4144'>\n\t    <ul style=\"list-style-type: none;padding: 0;margin: 0\">     <li class=\"has-ast-global-color-0-color has-text-color has-link-color\">Clan des Tritons &#8211; 1970 &#8211; 1981 &#8211; Les Ann\u00e9es 70<\/li>     <small>      <li class=\"has-ast-global-color-2-color has-text-color has-link-color\">Jean-Philipppe Grandcolas<\/li>      <li class=\"has-black-color has-text-color has-link-color\">Jan, 2018<\/li>      <li class=\"has-black-color has-text-color has-link-color\">14.260 MB<\/li>     <\/small>    <\/ul>\n\t<\/figcaption><\/figure><figure class='gallery-item '>\r\n\t<div class='gallery-icon '>\r\n\t\t<a download href='https:\/\/clandestritons.fr\/wp-content\/uploads\/publications\/cahiers_tritons\/cahier_clan_des_tritons_01_1982.pdf'><img decoding=\"async\" aria-describedby=\"mla_gallery-1-4142\" width=\"724\" height=\"1024\" src=\"https:\/\/clandestritons.fr\/wp-content\/uploads\/publications\/cahiers_tritons\/cahier_clan_des_tritons_01_1982-pdf-1-724x1024.jpg\" class=\"attachment-large size-large\" alt=\"\" \/><\/a>\r\n\t<\/div>\r\n\t<figcaption class='wp-caption-text gallery-caption' id='mla_gallery-1-4142'>\n\t    <ul style=\"list-style-type: none;padding: 0;margin: 0\">     <li class=\"has-ast-global-color-0-color has-text-color has-link-color\">Compte-rendus 1982<\/li>     <small>      <li class=\"has-ast-global-color-2-color has-text-color has-link-color\">Jean-Philippe Grandcolas<\/li>      <li class=\"has-black-color has-text-color has-link-color\">Jul, 2016<\/li>      <li class=\"has-black-color has-text-color has-link-color\">2.331 MB<\/li>     <\/small>    <\/ul>\n\t<\/figcaption><\/figure><figure class='gallery-item '>\r\n\t<div class='gallery-icon '>\r\n\t\t<a download href='https:\/\/clandestritons.fr\/wp-content\/uploads\/publications\/cahiers_tritons\/Archives_et_docs_01_2015_Brusque.pdf'><img decoding=\"async\" aria-describedby=\"mla_gallery-1-5891\" width=\"724\" height=\"1024\" src=\"https:\/\/clandestritons.fr\/wp-content\/uploads\/publications\/cahiers_tritons\/Archives_et_docs_01_2015_Brusque-pdf-724x1024.jpg\" class=\"attachment-large size-large\" alt=\"Descriptif, photos et topo des principales cavit\u00e9s du massif de BRUSQUE\" \/><\/a>\r\n\t<\/div>\r\n\t<figcaption class='wp-caption-text gallery-caption' id='mla_gallery-1-5891'>\n\t    <ul style=\"list-style-type: none;padding: 0;margin: 0\">     <li class=\"has-ast-global-color-0-color has-text-color has-link-color\">Documents sp\u00e9l\u00e9os n\u00b01 &#8211; 2015 : Aux confits de l&rsquo;Aveyron, du Tarn et de l&rsquo;H\u00e9rault &#8211; BRUSQUE<\/li>     <small>      <li class=\"has-ast-global-color-2-color has-text-color has-link-color\">Jean-Philippe Grandcolas<\/li>      <li class=\"has-black-color has-text-color has-link-color\">Mar, 2016<\/li>      <li class=\"has-black-color has-text-color has-link-color\">3.784 MB<\/li>     <\/small>    <\/ul>\n\t<\/figcaption><\/figure><figure class='gallery-item '>\r\n\t<div class='gallery-icon '>\r\n\t\t<a download href='https:\/\/clandestritons.fr\/wp-content\/uploads\/publications\/Plaquette_50_ans_Verna_Tritons.pdf'><img decoding=\"async\" aria-describedby=\"mla_gallery-1-5219\" width=\"724\" height=\"1024\" src=\"https:\/\/clandestritons.fr\/wp-content\/uploads\/publications\/Plaquette_50_ans_Verna_Tritons-pdf-1-724x1024.jpg\" class=\"attachment-large size-large\" alt=\"\" \/><\/a>\r\n\t<\/div>\r\n\t<figcaption class='wp-caption-text gallery-caption' id='mla_gallery-1-5219'>\n\t    <ul style=\"list-style-type: none;padding: 0;margin: 0\">     <li class=\"has-ast-global-color-0-color has-text-color has-link-color\">Les Tritons f\u00eatent les 50 ans du Clan de la Verna<\/li>     <small>      <li class=\"has-ast-global-color-2-color has-text-color has-link-color\">Jean-Philippe Grandcolas<\/li>      <li class=\"has-black-color has-text-color has-link-color\">Dec, 1997<\/li>      <li class=\"has-black-color has-text-color has-link-color\">12.548 MB<\/li>     <\/small>    <\/ul>\n\t<\/figcaption><\/figure><figure class='gallery-item last_in_row'>\r\n\t<div class='gallery-icon '>\r\n\t\t<a download href='https:\/\/clandestritons.fr\/wp-content\/uploads\/publications\/Topographies\/Anjohibe\/Les%20grottes%20Anjohibe%20-%20Saint%20Ours%20(1953).pdf'><img decoding=\"async\" aria-describedby=\"mla_gallery-1-4094\" width=\"628\" height=\"1024\" src=\"https:\/\/clandestritons.fr\/wp-content\/uploads\/publications\/Topographies\/Anjohibe\/Les-grottes-Anjohibe-Saint-Ours-1953-pdf-1-628x1024.jpg\" class=\"attachment-large size-large\" alt=\"\" \/><\/a>\r\n\t<\/div>\r\n\t<figcaption class='wp-caption-text gallery-caption' id='mla_gallery-1-4094'>\n\t    <ul style=\"list-style-type: none;padding: 0;margin: 0\">     <li class=\"has-ast-global-color-0-color has-text-color has-link-color\">Les grottes d&rsquo;Andranoboka<\/li>     <small>      <li class=\"has-ast-global-color-2-color has-text-color has-link-color\">J. de Saint-Ours, R. Paulian<\/li>      <li class=\"has-black-color has-text-color has-link-color\">Mar, 1953<\/li>      <li class=\"has-black-color has-text-color has-link-color\">2.689 MB<\/li>     <\/small>    <\/ul>\n\t<\/figcaption><\/figure><\/div>\r\n        <\/div>\n    <\/div>\n    \n","protected":false},"excerpt":{"rendered":"<p>\u00ab\u00a0Si tu fais l&rsquo;explo : tu fais la topo !\u00a0\u00bb Archives et documents Depuis le 1er mai 1982, les comptes rendus des sorties sp\u00e9l\u00e9os du Clan des Tritons sont relat\u00e9s dans des cahiers format \u00e9colier, sans interruption. A l\u2019\u00e9poque nous avions des r\u00e9unions hebdomadaires et les comptes rendus \u00e9taient r\u00e9dig\u00e9s \u00e0 cette occasion, dans des [&hellip;]<\/p>\n","protected":false},"author":8,"featured_media":0,"parent":0,"menu_order":0,"comment_status":"closed","ping_status":"closed","template":"","meta":{"site-sidebar-layout":"default","site-content-layout":"","ast-site-content-layout":"","site-content-style":"default","site-sidebar-style":"default","ast-global-header-display":"","ast-banner-title-visibility":"","ast-main-header-display":"","ast-hfb-above-header-display":"","ast-hfb-below-header-display":"","ast-hfb-mobile-header-display":"","site-post-title":"disabled","ast-breadcrumbs-content":"","ast-featured-img":"","footer-sml-layout":"","ast-disable-related-posts":"","theme-transparent-header-meta":"","adv-header-id-meta":"","stick-header-meta":"","header-above-stick-meta":"","header-main-stick-meta":"","header-below-stick-meta":"","astra-migrate-meta-layouts":"default","ast-page-background-enabled":"default","ast-page-background-meta":{"desktop":{"background-color":"var(--ast-global-color-5)","background-image":"","background-repeat":"repeat","background-position":"center center","background-size":"auto","background-attachment":"scroll","background-type":"","background-media":"","overlay-type":"","overlay-color":"","overlay-opacity":"","overlay-gradient":""},"tablet":{"background-color":"","background-image":"","background-repeat":"repeat","background-position":"center center","background-size":"auto","background-attachment":"scroll","background-type":"","background-media":"","overlay-type":"","overlay-color":"","overlay-opacity":"","overlay-gradient":""},"mobile":{"background-color":"","background-image":"","background-repeat":"repeat","background-position":"center center","background-size":"auto","background-attachment":"scroll","background-type":"","background-media":"","overlay-type":"","overlay-color":"","overlay-opacity":"","overlay-gradient":""}},"ast-content-background-meta":{"desktop":{"background-color":"var(--ast-global-color-4)","background-image":"","background-repeat":"repeat","background-position":"center center","background-size":"auto","background-attachment":"scroll","background-type":"","background-media":"","overlay-type":"","overlay-color":"","overlay-opacity":"","overlay-gradient":""},"tablet":{"background-color":"var(--ast-global-color-4)","background-image":"","background-repeat":"repeat","background-position":"center center","background-size":"auto","background-attachment":"scroll","background-type":"","background-media":"","overlay-type":"","overlay-color":"","overlay-opacity":"","overlay-gradient":""},"mobile":{"background-color":"var(--ast-global-color-4)","background-image":"","background-repeat":"repeat","background-position":"center center","background-size":"auto","background-attachment":"scroll","background-type":"","background-media":"","overlay-type":"","overlay-color":"","overlay-opacity":"","overlay-gradient":""}},"footnotes":""},"class_list":["post-4760","page","type-page","status-publish","hentry"],"_links":{"self":[{"href":"https:\/\/clandestritons.fr\/index.php?rest_route=\/wp\/v2\/pages\/4760","targetHints":{"allow":["GET"]}}],"collection":[{"href":"https:\/\/clandestritons.fr\/index.php?rest_route=\/wp\/v2\/pages"}],"about":[{"href":"https:\/\/clandestritons.fr\/index.php?rest_route=\/wp\/v2\/types\/page"}],"author":[{"embeddable":true,"href":"https:\/\/clandestritons.fr\/index.php?rest_route=\/wp\/v2\/users\/8"}],"replies":[{"embeddable":true,"href":"https:\/\/clandestritons.fr\/index.php?rest_route=%2Fwp%2Fv2%2Fcomments&post=4760"}],"version-history":[{"count":8,"href":"https:\/\/clandestritons.fr\/index.php?rest_route=\/wp\/v2\/pages\/4760\/revisions"}],"predecessor-version":[{"id":4995,"href":"https:\/\/clandestritons.fr\/index.php?rest_route=\/wp\/v2\/pages\/4760\/revisions\/4995"}],"wp:attachment":[{"href":"https:\/\/clandestritons.fr\/index.php?rest_route=%2Fwp%2Fv2%2Fmedia&parent=4760"}],"curies":[{"name":"wp","href":"https:\/\/api.w.org\/{rel}","templated":true}]}}